{"id":1419,"date":"2015-01-24T14:02:40","date_gmt":"2015-01-24T20:02:40","guid":{"rendered":"http:\/\/victorzamarripa.com\/sitio\/?page_id=1419"},"modified":"2015-01-28T21:15:45","modified_gmt":"2015-01-29T03:15:45","slug":"retratos","status":"publish","type":"page","link":"http:\/\/victorzamarripa.com\/sitio\/retratos\/","title":{"rendered":"Retratos"},"content":{"rendered":"<link href=\"http:\/\/victorzamarripa.com\/sitio\/wp-content\/themes\/keres\/font-awesome\/font-awesome.min.css\" rel=\"stylesheet\">\n<div id='fwdu3dcarDiv0'><\/div><script type='text\/javascript'>\r\n\t\t\tFWDU3DCarUtils.checkIfHasTransforms();\r\n\t\t\t\r\n\t\t\twindow.fwdu3dcar0 = new FWDUltimate3DCarousel(\r\n\t\t\t{carouselHolderDivId:'fwdu3dcarDiv0',\r\n\t\t\t\tcarouselDataListDivId:'fwdu3dcarPlaylist11',displayType:'fluidwidth',\r\n\t\t\t\tautoScale:'yes',\r\n\t\t\t\tcarouselWidth:940,\r\n\t\t\t\tcarouselHeight:538,\r\n\t\t\t\tskinPath:'http:\/\/victorzamarripa.com\/sitio\/wp-content\/plugins\/fwdu3dcar\/load\/skin_modern_silver',\r\n\t\t\t\tbackgroundColor:'transparent',\r\n\t\t\t\tbackgroundImagePath:'',\r\n\t\t\t\tthumbnailsBackgroundImagePath:'',\r\n\t\t\t\tscrollbarBackgroundImagePath:'',\r\n\t\t\t\tbackgroundRepeat:'repeat-x',\r\n\t\t\t\tcarouselTopology:'normal',\r\n\t\t\t\tcarouselXRadius:600,\r\n\t\t\t\tcarouselYRadius:0,\r\n\t\t\t\tcarouselXRotation:10,\r\n\t\t\t\tcarouselYOffset:0,\r\n\t\t\t\tshowCenterImage:'no',\r\n\t\t\t\tcenterImagePath:'',\r\n\t\t\t\tcenterImageYOffset:0,\r\n\t\t\t\tshowDisplay2DAlways:'no',\r\n\t\t\t\tcarouselStartPosition:'left',\r\n\t\t\t\tautoplay:'no',\r\n\t\t\t\tslideshowDelay:10,\r\n\t\t\t\trightClickContextMenu:'developer',\r\n\t\t\t\taddKeyboardSupport:'yes', \r\n\t\t\t\tfluidWidthZIndex:1000,thumbnailWidth:177,\r\n\t\t\t\tthumbnailHeight:300,\r\n\t\t\t\tthumbnailBorderSize:0,\r\n\t\t\t\tthumbnailMinimumAlpha:0.3,\t\t\r\n\t\t\t\tthumbnailBackgroundColor:'transparent',\r\n\t\t\t\tthumbnailBorderColor1:'transparent',\r\n\t\t\t\tthumbnailBorderColor2:'transparent',\r\n\t\t\t\ttransparentImages:'no',\r\n\t\t\t\tmaxNumberOfThumbnailsOnMobile:5,\r\n\t\t\t\tshowThumbnailsGradient:'yes',\r\n\t\t\t\tshowThumbnailsHtmlContent:'no',\r\n\t\t\t\tshowText:'yes',\r\n\t\t\t\ttextBackgroundColor:'#000000',\r\n\t\t\t\ttextBackgroundOpacity:1,\r\n\t\t\t\tshowTextBackgroundImage:'yes',\r\n\t\t\t\tshowFullTextWithoutHover:'yes',\r\n\t\t\t\tshowThumbnailBoxShadow:'yes',\r\n\t\t\t\tthumbnailBoxShadowCss:'0px 2px 2px #555555',\r\n\t\t\t\tshowReflection:'yes',\r\n\t\t\t\treflectionHeight:60,\r\n\t\t\t\treflectionDistance:0,\r\n\t\t\t\treflectionOpacity:0.5,controlsMaxWidth:940,\r\n\t\t\t\tcontrolsHeight:10,\r\n\t\t\t\tcontrolsPosition:'bottom',\r\n\t\t\t\tshowPrevButton:'yes',\r\n\t\t\t\tshowNextButton:'yes',\r\n\t\t\t\tdisableNextAndPrevButtonsOnMobile:'yes',\r\n\t\t\t\tshowSlideshowButton:'yes',\r\n\t\t\t\tslideshowTimerColor:'#000000',\r\n\t\t\t\tshowScrollbar:'yes',\r\n\t\t\t\tscrollbarHandlerWidth:300,\r\n\t\t\t\tscrollbarTextColorNormal:'#ffffff',\r\n\t\t\t\tscrollbarTextColorSelected:'#ffffff',\r\n\t\t\t\tdisableScrollbarOnMobile:'yes',\r\n\t\t\t\tenableMouseWheelScroll:'yes',showComboBox:'no',\r\n\t\t\t\tstartAtCategory:1,\r\n\t\t\t\tselectLabel:'SELECT CATEGORIES',\r\n\t\t\t\tallCategoriesLabel:'All Categories',\r\n\t\t\t\tshowAllCategories:'no',\r\n\t\t\t\tcomboBoxPosition:'topright',\r\n\t\t\t\tselectorBackgroundNormalColor1:'#000000',\r\n\t\t\t\tselectorBackgroundNormalColor2:'#000000',\r\n\t\t\t\tselectorBackgroundSelectedColor1:'#000000',\r\n\t\t\t\tselectorBackgroundSelectedColor2:'#000000',\r\n\t\t\t\tselectorTextNormalColor:'#ffffff',\r\n\t\t\t\tselectorTextSelectedColor:'#ffffff',\r\n\t\t\t\tbuttonBackgroundNormalColor1:'#000000',\r\n\t\t\t\tbuttonBackgroundNormalColor2:'#000000',\r\n\t\t\t\tbuttonBackgroundSelectedColor1:'#000000',\r\n\t\t\t\tbuttonBackgroundSelectedColor2:'#000000',\r\n\t\t\t\tbuttonTextNormalColor:'#ffffff',\r\n\t\t\t\tbuttonTextSelectedColor:'#ffffff',\r\n\t\t\t\tcomboBoxShadowColor:'#000000',\r\n\t\t\t\tcomboBoxHorizontalMargins:12,\r\n\t\t\t\tcomboBoxVerticalMargins:12,\r\n\t\t\t\tcomboBoxCornerRadius:0,addLightBoxKeyboardSupport:'yes',\r\n\t\t\t\tshowLightBoxNextAndPrevButtons:'yes',\r\n\t\t\t\tshowLightBoxZoomButton:'yes',\r\n\t\t\t\tshowLightBoxInfoButton:'no',\r\n\t\t\t\tshowLightBoxSlideShowButton:'no',\r\n\t\t\t\tshowLightBoxInfoWindowByDefault:'no',\r\n\t\t\t\tslideShowAutoPlay:'no',\r\n\t\t\t\tlightBoxVideoAutoPlay:'no',\r\n\t\t\t\tlightBoxVideoWidth:640,\r\n\t\t\t\tlightBoxVideoHeight:480,\r\n\t\t\t\tlightBoxIframeWidth:800,\r\n\t\t\t\tlightBoxIframeHeight:600,\r\n\t\t\t\tlightBoxBackgroundColor:'#000000',\r\n\t\t\t\tlightBoxInfoWindowBackgroundColor:'#ffffff',\r\n\t\t\t\tlightBoxItemBorderColor1:'#fcfdfd',\r\n\t\t\t\tlightBoxItemBorderColor2:'#e4e4e4',\r\n\t\t\t\tlightBoxItemBackgroundColor:'#333333',\r\n\t\t\t\tlightBoxMainBackgroundOpacity:0.8,\r\n\t\t\t\tlightBoxInfoWindowBackgroundOpacity:0.9,\r\n\t\t\t\tlightBoxBorderSize:5,\r\n\t\t\t\tlightBoxBorderRadius:0,\r\n\t\t\t\tlightBoxSlideShowDelay:4000\r\n\t\t\t});\r\n\t\t<\/script><ul id='fwdu3dcarPlaylist11' style='display: none;'><ul data-cat='Retratos'><ul>\r\n\t\t\t\t\t\t<li data-type='media' data-url='http:\/\/victorzamarripa.com\/sitio\/wp-content\/uploads\/2015\/02\/Personajes_11-800.png' data-target='_blank'><\/li>\r\n\t\t\t\t\t\t<li data-thumbnail-path='http:\/\/victorzamarripa.com\/sitio\/wp-content\/uploads\/2015\/01\/Personajes_11-300.png'><\/li>\r\n\t\t\t\t\t\t<li data-thumbnail-text='' data-thumbnail-text-title-offset='35' data-thumbnail-text-offset-top='10' data-thumbnail-text-offset-bottom='7'><p style='text-align:center;font-size:12px !important;background:#000'>T\u00edtulo: Bar 'La frontera' de Don Nico<\/p>\r\n\t\t\t\t\t\t<\/li>\r\n\t\t\t\t\t\t<li data-info=''>\r\n\t\t\t\t\t\t<\/li>\r\n\t\t\t\t\t<\/ul><ul>\r\n\t\t\t\t\t\t<li data-type='media' data-url='http:\/\/victorzamarripa.com\/sitio\/wp-content\/uploads\/2015\/02\/Personajes_5-800.png' data-target='_blank'><\/li>\r\n\t\t\t\t\t\t<li data-thumbnail-path='http:\/\/victorzamarripa.com\/sitio\/wp-content\/uploads\/2015\/01\/Personajes_5-300.png'><\/li>\r\n\t\t\t\t\t\t<li data-thumbnail-text='' data-thumbnail-text-title-offset='35' data-thumbnail-text-offset-top='10' data-thumbnail-text-offset-bottom='7'><p style='text-align:center;font-size:12px !important;background:#000'>T\u00edtulo: Carioca<\/p>\r\n\t\t\t\t\t\t<\/li>\r\n\t\t\t\t\t\t<li data-info=''>\r\n\t\t\t\t\t\t<\/li>\r\n\t\t\t\t\t<\/ul><ul>\r\n\t\t\t\t\t\t<li data-type='media' data-url='http:\/\/victorzamarripa.com\/sitio\/wp-content\/uploads\/2015\/02\/Historiayfolklore_21-800.png' data-target='_blank'><\/li>\r\n\t\t\t\t\t\t<li data-thumbnail-path='http:\/\/victorzamarripa.com\/sitio\/wp-content\/uploads\/2015\/01\/Historiayfolklore_21-300.png'><\/li>\r\n\t\t\t\t\t\t<li data-thumbnail-text='' data-thumbnail-text-title-offset='35' data-thumbnail-text-offset-top='10' data-thumbnail-text-offset-bottom='7'><p style='text-align:center;font-size:12px !important;background:#000'>T\u00edtulo: Carlos Ruiz Ponce<\/p>\r\n\t\t\t\t\t\t<\/li>\r\n\t\t\t\t\t\t<li data-info=''>\r\n\t\t\t\t\t\t<\/li>\r\n\t\t\t\t\t<\/ul><ul>\r\n\t\t\t\t\t\t<li data-type='media' data-url='http:\/\/victorzamarripa.com\/sitio\/wp-content\/uploads\/2015\/02\/Personajes_7-800.png' data-target='_blank'><\/li>\r\n\t\t\t\t\t\t<li data-thumbnail-path='http:\/\/victorzamarripa.com\/sitio\/wp-content\/uploads\/2015\/01\/Personajes_7-300.png'><\/li>\r\n\t\t\t\t\t\t<li data-thumbnail-text='' data-thumbnail-text-title-offset='35' data-thumbnail-text-offset-top='10' data-thumbnail-text-offset-bottom='7'><p style='text-align:center;font-size:12px !important;background:#000'>T\u00edtulo: Cirug\u00eda est\u00e9tica<\/p>\r\n\t\t\t\t\t\t<\/li>\r\n\t\t\t\t\t\t<li data-info=''>\r\n\t\t\t\t\t\t<\/li>\r\n\t\t\t\t\t<\/ul><ul>\r\n\t\t\t\t\t\t<li data-type='media' data-url='http:\/\/victorzamarripa.com\/sitio\/wp-content\/uploads\/2015\/02\/Personajes_9-800.png' data-target='_blank'><\/li>\r\n\t\t\t\t\t\t<li data-thumbnail-path='http:\/\/victorzamarripa.com\/sitio\/wp-content\/uploads\/2015\/01\/Personajes_9-300.png'><\/li>\r\n\t\t\t\t\t\t<li data-thumbnail-text='' data-thumbnail-text-title-offset='35' data-thumbnail-text-offset-top='10' data-thumbnail-text-offset-bottom='7'><p style='text-align:center;font-size:12px !important;background:#000'>T\u00edtulo: Ezequiel P\u00e9rez Viramontes<\/p>\r\n\t\t\t\t\t\t<\/li>\r\n\t\t\t\t\t\t<li data-info=''>\r\n\t\t\t\t\t\t<\/li>\r\n\t\t\t\t\t<\/ul><ul>\r\n\t\t\t\t\t\t<li data-type='media' data-url='http:\/\/victorzamarripa.com\/sitio\/wp-content\/uploads\/2015\/02\/Personajes_14-800.png' data-target='_blank'><\/li>\r\n\t\t\t\t\t\t<li data-thumbnail-path='http:\/\/victorzamarripa.com\/sitio\/wp-content\/uploads\/2015\/01\/Personajes_14-300.png'><\/li>\r\n\t\t\t\t\t\t<li data-thumbnail-text='' data-thumbnail-text-title-offset='35' data-thumbnail-text-offset-top='10' data-thumbnail-text-offset-bottom='7'><p style='text-align:center;font-size:12px !important;background:#000'>T\u00edtulo: Hemingway<\/p>\r\n\t\t\t\t\t\t<\/li>\r\n\t\t\t\t\t\t<li data-info=''>\r\n\t\t\t\t\t\t<\/li>\r\n\t\t\t\t\t<\/ul><ul>\r\n\t\t\t\t\t\t<li data-type='media' data-url='http:\/\/victorzamarripa.com\/sitio\/wp-content\/uploads\/2015\/02\/Personajes_3-800.png' data-target='_blank'><\/li>\r\n\t\t\t\t\t\t<li data-thumbnail-path='http:\/\/victorzamarripa.com\/sitio\/wp-content\/uploads\/2015\/01\/Personajes_3-300.png'><\/li>\r\n\t\t\t\t\t\t<li data-thumbnail-text='' data-thumbnail-text-title-offset='35' data-thumbnail-text-offset-top='10' data-thumbnail-text-offset-bottom='7'><p style='text-align:center;font-size:12px !important;background:#000'>T\u00edtulo: Maestro Manuel Mac\u00edas<\/p>\r\n\t\t\t\t\t\t<\/li>\r\n\t\t\t\t\t\t<li data-info=''>\r\n\t\t\t\t\t\t<\/li>\r\n\t\t\t\t\t<\/ul><ul>\r\n\t\t\t\t\t\t<li data-type='media' data-url='http:\/\/victorzamarripa.com\/sitio\/wp-content\/uploads\/2015\/02\/Personajes_21-800-new.png' data-target='_blank'><\/li>\r\n\t\t\t\t\t\t<li data-thumbnail-path='http:\/\/victorzamarripa.com\/sitio\/wp-content\/uploads\/2015\/02\/Personajes_21-300.png'><\/li>\r\n\t\t\t\t\t\t<li data-thumbnail-text='' data-thumbnail-text-title-offset='35' data-thumbnail-text-offset-top='10' data-thumbnail-text-offset-bottom='7'><p style='text-align:center;font-size:12px !important;background:#000'>T\u00edtulo: Medusa<\/p>\r\n\t\t\t\t\t\t<\/li>\r\n\t\t\t\t\t\t<li data-info=''>\r\n\t\t\t\t\t\t<\/li>\r\n\t\t\t\t\t<\/ul><ul>\r\n\t\t\t\t\t\t<li data-type='media' data-url='http:\/\/victorzamarripa.com\/sitio\/wp-content\/uploads\/2015\/02\/Personajes_20-800.png' data-target='_blank'><\/li>\r\n\t\t\t\t\t\t<li data-thumbnail-path='http:\/\/victorzamarripa.com\/sitio\/wp-content\/uploads\/2015\/01\/Personajes_20-300.png'><\/li>\r\n\t\t\t\t\t\t<li data-thumbnail-text='' data-thumbnail-text-title-offset='35' data-thumbnail-text-offset-top='10' data-thumbnail-text-offset-bottom='7'><p style='text-align:center;font-size:12px !important;background:#000'>T\u00edtulo: Justicia<\/p>\r\n\t\t\t\t\t\t<\/li>\r\n\t\t\t\t\t\t<li data-info=''>\r\n\t\t\t\t\t\t<\/li>\r\n\t\t\t\t\t<\/ul><ul>\r\n\t\t\t\t\t\t<li data-type='media' data-url='http:\/\/victorzamarripa.com\/sitio\/wp-content\/uploads\/2015\/02\/Historiayfolklore_22-800.png' data-target='_blank'><\/li>\r\n\t\t\t\t\t\t<li data-thumbnail-path='http:\/\/victorzamarripa.com\/sitio\/wp-content\/uploads\/2015\/01\/Historiayfolklore_22-300.png'><\/li>\r\n\t\t\t\t\t\t<li data-thumbnail-text='' data-thumbnail-text-title-offset='35' data-thumbnail-text-offset-top='10' data-thumbnail-text-offset-bottom='7'><p style='text-align:center;font-size:12px !important;background:#000'>T\u00edtulo: Ren\u00e9 Ruiz Ponce<\/p>\r\n\t\t\t\t\t\t<\/li>\r\n\t\t\t\t\t\t<li data-info=''>\r\n\t\t\t\t\t\t<\/li>\r\n\t\t\t\t\t<\/ul><ul>\r\n\t\t\t\t\t\t<li data-type='media' data-url='http:\/\/victorzamarripa.com\/sitio\/wp-content\/uploads\/2015\/02\/Personajes_12-800.png' data-target='_blank'><\/li>\r\n\t\t\t\t\t\t<li data-thumbnail-path='http:\/\/victorzamarripa.com\/sitio\/wp-content\/uploads\/2015\/01\/Personajes_12-300.png'><\/li>\r\n\t\t\t\t\t\t<li data-thumbnail-text='' data-thumbnail-text-title-offset='35' data-thumbnail-text-offset-top='10' data-thumbnail-text-offset-bottom='7'><p style='text-align:center;font-size:12px !important;background:#000'>T\u00edtulo: Zapatero remend\u00f3n<\/p>\r\n\t\t\t\t\t\t<\/li>\r\n\t\t\t\t\t\t<li data-info=''>\r\n\t\t\t\t\t\t<\/li>\r\n\t\t\t\t\t<\/ul><ul>\r\n\t\t\t\t\t\t<li data-type='media' data-url='http:\/\/victorzamarripa.com\/sitio\/wp-content\/uploads\/2015\/02\/Personajes_23-800.png' data-target='_blank'><\/li>\r\n\t\t\t\t\t\t<li data-thumbnail-path='http:\/\/victorzamarripa.com\/sitio\/wp-content\/uploads\/2015\/01\/Personajes_23-300.png'><\/li>\r\n\t\t\t\t\t\t<li data-thumbnail-text='' data-thumbnail-text-title-offset='35' data-thumbnail-text-offset-top='10' data-thumbnail-text-offset-bottom='7'><p style='text-align:center;font-size:12px !important;background:#000'>T\u00edtulo: Belleza oriental<\/p>\r\n\t\t\t\t\t\t<\/li>\r\n\t\t\t\t\t\t<li data-info=''>\r\n\t\t\t\t\t\t<\/li>\r\n\t\t\t\t\t<\/ul><ul>\r\n\t\t\t\t\t\t<li data-type='media' data-url='http:\/\/victorzamarripa.com\/sitio\/wp-content\/uploads\/2015\/02\/Historiayfolklore_3-800.png' data-target='_blank'><\/li>\r\n\t\t\t\t\t\t<li data-thumbnail-path='http:\/\/victorzamarripa.com\/sitio\/wp-content\/uploads\/2015\/01\/Historiayfolklore_3-300.png'><\/li>\r\n\t\t\t\t\t\t<li data-thumbnail-text='' data-thumbnail-text-title-offset='35' data-thumbnail-text-offset-top='10' data-thumbnail-text-offset-bottom='7'><p style='text-align:center;font-size:12px !important;background:#000'>T\u00edtulo: El gallero de Saturnino Herr\u00e1n<\/p>\r\n\t\t\t\t\t\t<\/li>\r\n\t\t\t\t\t\t<li data-info=''>\r\n\t\t\t\t\t\t<\/li>\r\n\t\t\t\t\t<\/ul><ul>\r\n\t\t\t\t\t\t<li data-type='media' data-url='http:\/\/victorzamarripa.com\/sitio\/wp-content\/uploads\/2015\/01\/Personajes_22-800.png' data-target='_blank'><\/li>\r\n\t\t\t\t\t\t<li data-thumbnail-path='http:\/\/victorzamarripa.com\/sitio\/wp-content\/uploads\/2015\/01\/Personajes_22-300.png'><\/li>\r\n\t\t\t\t\t\t<li data-thumbnail-text='' data-thumbnail-text-title-offset='35' data-thumbnail-text-offset-top='10' data-thumbnail-text-offset-bottom='7'><p style='text-align:center;font-size:12px !important;background:#000'>T\u00edtulo: Malgre Tout<\/p>\r\n\t\t\t\t\t\t<\/li>\r\n\t\t\t\t\t\t<li data-info=''>\r\n\t\t\t\t\t\t<\/li>\r\n\t\t\t\t\t<\/ul><ul>\r\n\t\t\t\t\t\t<li data-type='media' data-url='http:\/\/victorzamarripa.com\/sitio\/wp-content\/uploads\/2015\/02\/Historiayfolklore_14-800.png' data-target='_blank'><\/li>\r\n\t\t\t\t\t\t<li data-thumbnail-path='http:\/\/victorzamarripa.com\/sitio\/wp-content\/uploads\/2015\/01\/Historiayfolklore_14-300.png'><\/li>\r\n\t\t\t\t\t\t<li data-thumbnail-text='' data-thumbnail-text-title-offset='35' data-thumbnail-text-offset-top='10' data-thumbnail-text-offset-bottom='7'><p style='text-align:center;font-size:12px !important;background:#000'>T\u00edtulo: Campo santo<\/p>\r\n\t\t\t\t\t\t<\/li>\r\n\t\t\t\t\t\t<li data-info=''>\r\n\t\t\t\t\t\t<\/li>\r\n\t\t\t\t\t<\/ul><ul>\r\n\t\t\t\t\t\t<li data-type='media' data-url='http:\/\/victorzamarripa.com\/sitio\/wp-content\/uploads\/2015\/02\/Historiayfolklore_20-800.png' data-target='_blank'><\/li>\r\n\t\t\t\t\t\t<li data-thumbnail-path='http:\/\/victorzamarripa.com\/sitio\/wp-content\/uploads\/2015\/01\/Historiayfolklore_20-300.png'><\/li>\r\n\t\t\t\t\t\t<li data-thumbnail-text='' data-thumbnail-text-title-offset='35' data-thumbnail-text-offset-top='10' data-thumbnail-text-offset-bottom='7'><p style='text-align:center;font-size:12px !important;background:#000'>T\u00edtulo: El circo<\/p>\r\n\t\t\t\t\t\t<\/li>\r\n\t\t\t\t\t\t<li data-info=''>\r\n\t\t\t\t\t\t<\/li>\r\n\t\t\t\t\t<\/ul><ul>\r\n\t\t\t\t\t\t<li data-type='media' data-url='http:\/\/victorzamarripa.com\/sitio\/wp-content\/uploads\/2015\/02\/Personajes_8-800.png' data-target='_blank'><\/li>\r\n\t\t\t\t\t\t<li data-thumbnail-path='http:\/\/victorzamarripa.com\/sitio\/wp-content\/uploads\/2015\/01\/Personajes_8-300.png'><\/li>\r\n\t\t\t\t\t\t<li data-thumbnail-text='' data-thumbnail-text-title-offset='35' data-thumbnail-text-offset-top='10' data-thumbnail-text-offset-bottom='7'><p style='text-align:center;font-size:12px !important;background:#000'>T\u00edtulo: Familia Gonz\u00e1lez Garc\u00eda<\/p>\r\n\t\t\t\t\t\t<\/li>\r\n\t\t\t\t\t\t<li data-info=''>\r\n\t\t\t\t\t\t<\/li>\r\n\t\t\t\t\t<\/ul><ul>\r\n\t\t\t\t\t\t<li data-type='media' data-url='http:\/\/victorzamarripa.com\/sitio\/wp-content\/uploads\/2015\/02\/Personajes_26-800.png' data-target='_blank'><\/li>\r\n\t\t\t\t\t\t<li data-thumbnail-path='http:\/\/victorzamarripa.com\/sitio\/wp-content\/uploads\/2015\/01\/Personajes_26-300.png'><\/li>\r\n\t\t\t\t\t\t<li data-thumbnail-text='' data-thumbnail-text-title-offset='35' data-thumbnail-text-offset-top='10' data-thumbnail-text-offset-bottom='7'><p style='text-align:center;font-size:12px !important;background:#000'>T\u00edtulo: Dr. Daniel Garc\u00eda<\/p>\r\n\t\t\t\t\t\t<\/li>\r\n\t\t\t\t\t\t<li data-info=''>\r\n\t\t\t\t\t\t<\/li>\r\n\t\t\t\t\t<\/ul><ul>\r\n\t\t\t\t\t\t<li data-type='media' data-url='http:\/\/victorzamarripa.com\/sitio\/wp-content\/uploads\/2015\/01\/Personajes_27-800.png' data-target='_blank'><\/li>\r\n\t\t\t\t\t\t<li data-thumbnail-path='http:\/\/victorzamarripa.com\/sitio\/wp-content\/uploads\/2015\/01\/Personajes_27-300.png'><\/li>\r\n\t\t\t\t\t\t<li data-thumbnail-text='' data-thumbnail-text-title-offset='35' data-thumbnail-text-offset-top='10' data-thumbnail-text-offset-bottom='7'><p style='text-align:center;font-size:12px !important;background:#000'>T\u00edtulo: Lisset y Don Gil<\/p>\r\n\t\t\t\t\t\t<\/li>\r\n\t\t\t\t\t\t<li data-info=''>\r\n\t\t\t\t\t\t<\/li>\r\n\t\t\t\t\t<\/ul><ul>\r\n\t\t\t\t\t\t<li data-type='media' data-url='http:\/\/victorzamarripa.com\/sitio\/wp-content\/uploads\/2015\/02\/Retratos1.jpg' data-target='_blank'><\/li>\r\n\t\t\t\t\t\t<li data-thumbnail-path='http:\/\/victorzamarripa.com\/sitio\/wp-content\/uploads\/2015\/02\/Retratos1_300.jpg'><\/li>\r\n\t\t\t\t\t\t<li data-thumbnail-text='' data-thumbnail-text-title-offset='35' data-thumbnail-text-offset-top='10' data-thumbnail-text-offset-bottom='7'><p style='text-align:center;font-size:12px !important;background:#000'>T\u00edtulo: Do\u00f1a Josefina y Don Nico<\/p>\r\n\t\t\t\t\t\t<\/li>\r\n\t\t\t\t\t\t<li data-info=''>\r\n\t\t\t\t\t\t<\/li>\r\n\t\t\t\t\t<\/ul><\/ul><\/ul><\/p>\n<div class=\"homebut\" style=\"text-align: center;\"><a href=\"..\/\" class=\"button\" style=\"color:white !important; background:transparent !important;\"><i class=\"fa fa-home\" style=\"font-size:30px;\"><\/i><br \/> Ir a inicio<\/a><\/div>\n<style>\n#page_caption h1{font-family: 'Oswald', sans-serif !important;}\n#nuevomenu{display:none;}\n<\/style>\n","protected":false},"excerpt":{"rendered":"<p>Ir a inicio<\/p>\n","protected":false},"author":1,"featured_media":0,"parent":0,"menu_order":0,"comment_status":"open","ping_status":"open","template":"","meta":{"footnotes":""},"class_list":["post-1419","page","type-page","status-publish","hentry"],"_links":{"self":[{"href":"http:\/\/victorzamarripa.com\/sitio\/wp-json\/wp\/v2\/pages\/1419"}],"collection":[{"href":"http:\/\/victorzamarripa.com\/sitio\/wp-json\/wp\/v2\/pages"}],"about":[{"href":"http:\/\/victorzamarripa.com\/sitio\/wp-json\/wp\/v2\/types\/page"}],"author":[{"embeddable":true,"href":"http:\/\/victorzamarripa.com\/sitio\/wp-json\/wp\/v2\/users\/1"}],"replies":[{"embeddable":true,"href":"http:\/\/victorzamarripa.com\/sitio\/wp-json\/wp\/v2\/comments?post=1419"}],"version-history":[{"count":2,"href":"http:\/\/victorzamarripa.com\/sitio\/wp-json\/wp\/v2\/pages\/1419\/revisions"}],"predecessor-version":[{"id":1434,"href":"http:\/\/victorzamarripa.com\/sitio\/wp-json\/wp\/v2\/pages\/1419\/revisions\/1434"}],"wp:attachment":[{"href":"http:\/\/victorzamarripa.com\/sitio\/wp-json\/wp\/v2\/media?parent=1419"}],"curies":[{"name":"wp","href":"https:\/\/api.w.org\/{rel}","templated":true}]}}